{"id":19,"date":"2021-11-01T16:30:36","date_gmt":"2021-11-01T16:30:36","guid":{"rendered":"http:\/\/www.joseph-roth-diele.de\/?page_id=19"},"modified":"2021-11-02T09:16:41","modified_gmt":"2021-11-02T09:16:41","slug":"biografie-joseph-roth","status":"publish","type":"page","link":"https:\/\/www.joseph-roth-diele.de\/index.php\/biografie-joseph-roth\/","title":{"rendered":"Biografie Joseph Roth"},"content":{"rendered":"<p class=\"hide-if-no-js\"><a class=\"thickbox\" href=\"https:\/\/www.joseph-roth-diele.de\/wp-admin\/media-upload.php?post_id=19&amp;type=image&amp;TB_iframe=1\" aria-describedby=\"set-post-thumbnail-desc\"><img loading=\"lazy\" decoding=\"async\" class=\"attachment-post-thumbnail size-post-thumbnail\" src=\"https:\/\/www.joseph-roth-diele.de\/wp-content\/uploads\/2021\/11\/bild_joseph1.gif\" alt=\"\" width=\"85\" height=\"86\" \/><\/a><a id=\"set-post-thumbnail\" class=\"thickbox\" href=\"https:\/\/www.joseph-roth-diele.de\/wp-admin\/media-upload.php?post_id=19&amp;type=image&amp;TB_iframe=1\" aria-describedby=\"set-post-thumbnail-desc\"><img loading=\"lazy\" decoding=\"async\" class=\"attachment-post-thumbnail size-post-thumbnail\" src=\"https:\/\/www.joseph-roth-diele.de\/wp-content\/uploads\/2021\/11\/bild_joseph2.gif\" alt=\"\" width=\"85\" height=\"85\" \/><\/a><\/p>\n<p>Der Junge Joseph Roth und Der reife Joseph Roth<br \/>\n* 1894 \u2020 1939 Schriftsteller<\/p>\n<h6>1894<br \/>\nam 2. September geboren in Wolhynien.<\/h6>\n<h6>1901-1905<br \/>\nBesuch der j\u00fcdischen Gemeindeschule in Brody.<\/h6>\n<h6>1905-1913<br \/>\nBesuch des K.K. Kronprinz-Rudolf-Gymnasiums in Brody, schrieb erste Gedichte.<\/h6>\n<h6>1913<br \/>\nMai: Roth besteht mit Auszeichnung die Matura. Herbst: Reise nach Wien. Immatrikulation an der Universit\u00e4t Lemberg.<\/h6>\n<h6>1914<br \/>\nEinschreibung an der Universit\u00e4t Wien zum Sommersemester 1914.<\/h6>\n<h6>1915<br \/>\nRoths erste Ver\u00f6ffentlichung, das Gedicht \u201eWeltr\u00e4tsel\u201c.<\/h6>\n<h6>1916<br \/>\nAugust: Roth r\u00fcckt zur 1-j\u00e4hrigen Schule des 21. Feldj\u00e4ger-Bataillons ein. November: Tod Kaiser Franz Josephs I.<\/h6>\n<h6>1917<br \/>\nFeuilletons und Gedichte in Wiener und Prager Bl\u00e4ttern. Milit\u00e4rdienst in Galizien.<\/h6>\n<h6>1918<br \/>\nDezember: R\u00fcckkehr nach Wien. Reise nach Brody.<\/h6>\n<h6>1919<br \/>\nEnde M\u00e4rz: Flucht aus Brody. Roth wieder in Wien. April: Erstes Feuilleton in der neugegr\u00fcndeten Wiener Tageszeitung \u201eDer Neue Tag\u201c (binnen eines Jahres \u00fcber 100 Beitr\u00e4ge).<\/h6>\n<h6>1920<br \/>\nApril: \u201eDer Neue Tag\u201c stellt sein Erscheinen ein. Juni: \u00dcbersiedlung nach Berlin. Mitarbeit an Berliner Zeitschriften.<\/h6>\n<h6>1921<br \/>\nMitarbeit am \u201eBerliner B\u00f6rsen-Courier\u201c.<\/h6>\n<h6>1922<br \/>\nM\u00e4rz: Heirat mit Friederike Reichler im Pazmaninentempel in Wien. Juni: Beginn der Mitarbeit am \u201eVorw\u00e4rts\u201c.<\/h6>\n<h6>1923<br \/>\nJanuar: Erstes Feuilleton in der \u201eFrankfurter Zeitung\u201c. Februar: Beginn der Mitarbeit am \u201ePrager Tagblatt\u201c. Sp\u00e4tsommer: Erste Reise nach Prag. Oktober-November: Vorabdruck von Das Spinnennetz in der Wiener \u201eArbeiterzeitung\u201c.<\/h6>\n<h6>1924<br \/>\nFeuilletons und Gedichte in \u201eLachen links\u201c Hotel Savoy (Vorabdruck in \u201eFrankfurter Zeitung\u201c). Die Rebellion (Vorabdruck im \u201eVorw\u00e4rts\u201c).<\/h6>\n<h6>1925<br \/>\nFr\u00fchjahr: Feuilletonkorrespondent der \u201eFrankfurter Zeitung\u201c in Paris.Freundschaft mit Reifenberg. September-November: Artikelserie \u201eIm mitt\u00e4glichen Frankreich\u201c.<\/h6>\n<h6>1926<br \/>\nFr\u00fchjahr: Feuilletonkorrespondent der \u201eFrankfurter Zeitung\u201c in Paris.Freundschaft mit Reifenberg. September-November: Artikelserie \u201eIm mitt\u00e4glichen Frankreich\u201c<\/h6>\n<h6>1927<br \/>\nReportage-Reisen. Artikelfolgen Reisen nach Albanien. \u201eBriefe aus Deutschland\u201c in der \u201eFrankfurter Zeitung\u201c.<\/h6>\n<h6>1928<br \/>\nFebruar: Erkrankung Friedls (Schizophrenie). Freundschaft miit Zweig. Weitere Reisen. \u201eBriefe aus Polen\u201c und \u201eDas vierte Italien\u201c in der \u201eFrankfurter Zeitung\u201c.<\/h6>\n<h6>1929<br \/>\nMitarbeit an den \u201eM\u00fcnchner Neuesten Nachrichten\u201c. Erste Begegnung mit Andrea Manga Bell.<\/h6>\n<h6>1930<br \/>\nHiob. Roman eines einfachen Mannes.<\/h6>\n<h6>1931<br \/>\nFr\u00fchjahr: Aufenthalt in Antibes.<\/h6>\n<h6>1932<br \/>\n\u201eRadetzkymarsch\u201c. Roman.<\/h6>\n<h6>1933<br \/>\nEnde Januar: Reise nach Paris. Beginn des Exils. Joseph Roth Stationschef Fallmerayer. Beginn der Mitarbeit an Exilzeitschriften und -zeitungen.<\/h6>\n<h6>1934<br \/>\nJuni: Aufenthalt in S\u00fcdfrankreich.<\/h6>\n<h6>1935<br \/>\nMai: Triumph der Sch\u00f6nheit in \u201ePariser Tageszeitung\u201c. Juni: R\u00fcckkehr nach Paris. Juli-August: Die B\u00fcste des Kaisers in \u201ePariser Tageszeitung\u201c. Beginn der Mitarbeit in der von Emigranten in \u00d6sterreich herausgegebenenZeitschrift \u201eDer christliche St\u00e4ndestaat\u201c.<\/h6>\n<h6>1936<br \/>\nM\u00e4rz-Juni: Aufenthalt in Amsterdam. Juli: Ostende. Ende des Jahres wieder in Paris<\/h6>\n<h6>1937<br \/>\nFebruar-M\u00e4rz: Auf Einladung des polnischen PEN-Clubs Joseph Roth Vortragsreise durch Polen. Aufenthalt in Wien. Abbruch des Hotels \u201eFoyot\u201c in Paris, Roth zieht ins \u201eHotel de la Poste\u201c.<\/h6>\n<h6>1938<br \/>\nFebruar: Letzter Besuch in Wien. Sp\u00e4therbst: Letzter Besuch in Amsterdam. Gesundheitlicher Verfall.<\/h6>\n<p class=\"hide-if-no-js\">\n","protected":false},"excerpt":{"rendered":"<p>Der Junge Joseph Roth und Der reife Joseph Roth * 1894 \u2020 1939 Schriftsteller 1894 am 2. September geboren in Wolhynien. 1901-1905 Besuch der j\u00fcdischen Gemeindeschule in Brody. 1905-1913 Besuch des K.K. Kronprinz-Rudolf-Gymnasiums in Brody, schrieb erste Gedichte. 1913 Mai: Roth besteht mit Auszeichnung die Matura. Herbst: Reise nach Wien. Immatrikulation an der Universit\u00e4t Lemberg. &hellip; <a href=\"https:\/\/www.joseph-roth-diele.de\/index.php\/biografie-joseph-roth\/\" class=\"more-link\"><span class=\"screen-reader-text\">Biografie Joseph Roth<\/span> weiterlesen <span class=\"meta-nav\">&rarr;<\/span><\/a><\/p>\n","protected":false},"author":1,"featured_media":0,"parent":0,"menu_order":8,"comment_status":"closed","ping_status":"closed","template":"","meta":{"footnotes":""},"class_list":["post-19","page","type-page","status-publish","hentry"],"_links":{"self":[{"href":"https:\/\/www.joseph-roth-diele.de\/index.php\/wp-json\/wp\/v2\/pages\/19","targetHints":{"allow":["GET"]}}],"collection":[{"href":"https:\/\/www.joseph-roth-diele.de\/index.php\/wp-json\/wp\/v2\/pages"}],"about":[{"href":"https:\/\/www.joseph-roth-diele.de\/index.php\/wp-json\/wp\/v2\/types\/page"}],"author":[{"embeddable":true,"href":"https:\/\/www.joseph-roth-diele.de\/index.php\/wp-json\/wp\/v2\/users\/1"}],"replies":[{"embeddable":true,"href":"https:\/\/www.joseph-roth-diele.de\/index.php\/wp-json\/wp\/v2\/comments?post=19"}],"version-history":[{"count":4,"href":"https:\/\/www.joseph-roth-diele.de\/index.php\/wp-json\/wp\/v2\/pages\/19\/revisions"}],"predecessor-version":[{"id":80,"href":"https:\/\/www.joseph-roth-diele.de\/index.php\/wp-json\/wp\/v2\/pages\/19\/revisions\/80"}],"wp:attachment":[{"href":"https:\/\/www.joseph-roth-diele.de\/index.php\/wp-json\/wp\/v2\/media?parent=19"}],"curies":[{"name":"wp","href":"https:\/\/api.w.org\/{rel}","templated":true}]}}