{"id":23,"date":"2021-11-01T16:43:11","date_gmt":"2021-11-01T16:43:11","guid":{"rendered":"http:\/\/www.joseph-roth-diele.de\/?page_id=23"},"modified":"2021-11-01T16:43:11","modified_gmt":"2021-11-01T16:43:11","slug":"anfahrt","status":"publish","type":"page","link":"https:\/\/www.joseph-roth-diele.de\/index.php\/anfahrt\/","title":{"rendered":"Anfahrt"},"content":{"rendered":"<p>Anfahrt<\/p>\n<p>Joseph Roth Diele | Potsdamer Stra\u00dfe 75 | 10785 Berlin<\/p>\n<p>Bus: M48 und M85, Haltestelle L\u00fctzowstr.\/Potsdamer Str.<\/p>\n<p>U 1 Kurf\u00fcrstenstra\u00dfe<\/p>\n<p>Parkpl\u00e4tze: Parkzone 22, Parkschein bis 21 Uhr,<br \/>\n25 Cent\/15 Minuten?<\/p>\n","protected":false},"excerpt":{"rendered":"<p>Anfahrt Joseph Roth Diele | Potsdamer Stra\u00dfe 75 | 10785 Berlin Bus: M48 und M85, Haltestelle L\u00fctzowstr.\/Potsdamer Str. U 1 Kurf\u00fcrstenstra\u00dfe Parkpl\u00e4tze: Parkzone 22, Parkschein bis 21 Uhr, 25 Cent\/15 Minuten?<\/p>\n","protected":false},"author":1,"featured_media":0,"parent":0,"menu_order":7,"comment_status":"closed","ping_status":"closed","template":"","meta":{"footnotes":""},"class_list":["post-23","page","type-page","status-publish","hentry"],"_links":{"self":[{"href":"https:\/\/www.joseph-roth-diele.de\/index.php\/wp-json\/wp\/v2\/pages\/23","targetHints":{"allow":["GET"]}}],"collection":[{"href":"https:\/\/www.joseph-roth-diele.de\/index.php\/wp-json\/wp\/v2\/pages"}],"about":[{"href":"https:\/\/www.joseph-roth-diele.de\/index.php\/wp-json\/wp\/v2\/types\/page"}],"author":[{"embeddable":true,"href":"https:\/\/www.joseph-roth-diele.de\/index.php\/wp-json\/wp\/v2\/users\/1"}],"replies":[{"embeddable":true,"href":"https:\/\/www.joseph-roth-diele.de\/index.php\/wp-json\/wp\/v2\/comments?post=23"}],"version-history":[{"count":1,"href":"https:\/\/www.joseph-roth-diele.de\/index.php\/wp-json\/wp\/v2\/pages\/23\/revisions"}],"predecessor-version":[{"id":24,"href":"https:\/\/www.joseph-roth-diele.de\/index.php\/wp-json\/wp\/v2\/pages\/23\/revisions\/24"}],"wp:attachment":[{"href":"https:\/\/www.joseph-roth-diele.de\/index.php\/wp-json\/wp\/v2\/media?parent=23"}],"curies":[{"name":"wp","href":"https:\/\/api.w.org\/{rel}","templated":true}]}}