{"id":25,"date":"2021-11-01T16:47:31","date_gmt":"2021-11-01T16:47:31","guid":{"rendered":"http:\/\/www.joseph-roth-diele.de\/?page_id=25"},"modified":"2025-01-04T10:58:34","modified_gmt":"2025-01-04T10:58:34","slug":"kontakt","status":"publish","type":"page","link":"https:\/\/www.joseph-roth-diele.de\/index.php\/kontakt\/","title":{"rendered":"Kontakt"},"content":{"rendered":"<p>Joseph Roth Diele<br \/>\nPotsdamer Str. 75<br \/>\n10785 Berlin<\/p>\n<p>Telefon: 030 26369884<br \/>\nTelefax: 030 26930913<br \/>\nE-Mail: info@joseph-roth-diele.de<br \/>\nInternet: www.joseph-roth-diele.de<\/p>\n<p>Bus: M48 und M85, Haltestelle L\u00fctzowstr.\/Potsdamer Str.<br \/>\nU1 Kurf\u00fcrstenstra\u00dfe<\/p>\n<p>Parkpl\u00e4tze: Parkzone 22, Parkschein bis 21 Uhr,<br \/>\n25 Cent\/15 Minuten?<\/p>\n<p>Anfahrt:<br \/>\n<a href=\"https:\/\/goo.gl\/maps\/cbHXzQ4Gg7AhFyfN6\" target=\"_blank\" rel=\"noopener\">Google Maps<\/a><\/p>\n<p>\u00d6ffnungzeiten<br \/>\nDienstag bis Freitag von 10 \u2013 22 Uhr<br \/>\nSamstag, Sonntag und Montag geschlossen<\/p>\n","protected":false},"excerpt":{"rendered":"<p>Joseph Roth Diele Potsdamer Str. 75 10785 Berlin Telefon: 030 26369884 Telefax: 030 26930913 E-Mail: info@joseph-roth-diele.de Internet: www.joseph-roth-diele.de Bus: M48 und M85, Haltestelle L\u00fctzowstr.\/Potsdamer Str. U1 Kurf\u00fcrstenstra\u00dfe Parkpl\u00e4tze: Parkzone 22, Parkschein bis 21 Uhr, 25 Cent\/15 Minuten? Anfahrt: Google Maps \u00d6ffnungzeiten Dienstag bis Freitag von 10 \u2013 22 Uhr Samstag, Sonntag und Montag geschlossen<\/p>\n","protected":false},"author":1,"featured_media":0,"parent":0,"menu_order":6,"comment_status":"closed","ping_status":"closed","template":"","meta":{"footnotes":""},"class_list":["post-25","page","type-page","status-publish","hentry"],"_links":{"self":[{"href":"https:\/\/www.joseph-roth-diele.de\/index.php\/wp-json\/wp\/v2\/pages\/25","targetHints":{"allow":["GET"]}}],"collection":[{"href":"https:\/\/www.joseph-roth-diele.de\/index.php\/wp-json\/wp\/v2\/pages"}],"about":[{"href":"https:\/\/www.joseph-roth-diele.de\/index.php\/wp-json\/wp\/v2\/types\/page"}],"author":[{"embeddable":true,"href":"https:\/\/www.joseph-roth-diele.de\/index.php\/wp-json\/wp\/v2\/users\/1"}],"replies":[{"embeddable":true,"href":"https:\/\/www.joseph-roth-diele.de\/index.php\/wp-json\/wp\/v2\/comments?post=25"}],"version-history":[{"count":8,"href":"https:\/\/www.joseph-roth-diele.de\/index.php\/wp-json\/wp\/v2\/pages\/25\/revisions"}],"predecessor-version":[{"id":492,"href":"https:\/\/www.joseph-roth-diele.de\/index.php\/wp-json\/wp\/v2\/pages\/25\/revisions\/492"}],"wp:attachment":[{"href":"https:\/\/www.joseph-roth-diele.de\/index.php\/wp-json\/wp\/v2\/media?parent=25"}],"curies":[{"name":"wp","href":"https:\/\/api.w.org\/{rel}","templated":true}]}}