{"id":37,"date":"2021-11-01T19:11:04","date_gmt":"2021-11-01T19:11:04","guid":{"rendered":"http:\/\/www.joseph-roth-diele.de\/?page_id=37"},"modified":"2022-08-25T12:43:59","modified_gmt":"2022-08-25T12:43:59","slug":"speisekarte","status":"publish","type":"page","link":"https:\/\/www.joseph-roth-diele.de\/index.php\/speisekarte\/","title":{"rendered":"Speisekarte"},"content":{"rendered":"<h5>Speisen \/ Menu<\/h5>\n<p>Linsen mit Sp\u00e4tzle und Wienerle<br \/>\nLentils with Sp\u00e4tzle noodles \u2013 made with flour and egg \u2013<br \/>\nand Wiener(sausage)<\/p>\n<p>Matjes auf Butterstulle<br \/>\nDutch-style brined herring on bread<\/p>\n<p>Rindergulasch mit Sp\u00e4tzle<br \/>\nBeef gulash with Sp\u00e4tzle noodles<\/p>\n<p>Wurstk\u00e4sesalat mit Brot<br \/>\nGerman-style baloney and cheese salad in a<br \/>\nvinaigrette dressing with bread (cold)<\/p>\n<p>Vegetarische Maultaschen mit Kartoffelsalat<br \/>\nVegetarian dumplings with potato salad<\/p>\n<p>Schnitzel Wiener Art mit Kartoffelsalat<br \/>\nViennese Schnitzel (pork) with potato salad<\/p>\n<p>Hausgemachte vegetarische K\u00e4sesp\u00e4tzle mit Salat<br \/>\nHome-made vegetarian K\u00e4sesp\u00e4tzle with salad<br \/>\n(noodles in creamy cheese sauce)<\/p>\n<p>Hausgemachte K\u00e4sesp\u00e4tzle mit Speck und Salat<br \/>\nHome-made K\u00e4sesp\u00e4tzle with cured ham and salad<br \/>\n(noodles with creamy cheese sauce)<\/p>\n<h5>Nachtisch \/ Desserts<\/h5>\n<p>Creme Caramel<\/p>\n<p>N.Y. Cheescake<\/p>\n<p>Kalter Hund<br \/>\nRich butter cookies covered in chocolate and served cold<\/p>\n<p>Hauskuchen<br \/>\nHome-made cake<\/p>\n<h5>Salat \/ Salad<\/h5>\n<p>Gemischter Beilagensalat<br \/>\nMixed side salad<\/p>\n<p>Kartoffel-Beilagensalat<br \/>\nPotato salad<\/p>\n<p>Gemischter Blattsalat<br \/>\nMixed-leaf salad<\/p>\n<p>Gemischter Salat mit Mozzarella<br \/>\nMixed salad with mozzarella<\/p>\n<p>Gemischter Salat mit Thunfisch<br \/>\nMixed salad with tuna<\/p>\n<p>GemischterSalat mit Feta<br \/>\nMixed salad with feta cheese<\/p>\n<p>Gemischter Salat mit Ei<br \/>\nMixed salad with boiled egg<\/p>\n<p>Die Liste mit Allergenkennzeichnung erfragen Sie bitte an der Bar.<\/p>\n","protected":false},"excerpt":{"rendered":"<p>Speisen \/ Menu Linsen mit Sp\u00e4tzle und Wienerle Lentils with Sp\u00e4tzle noodles \u2013 made with flour and egg \u2013 and Wiener(sausage) Matjes auf Butterstulle Dutch-style brined herring on bread Rindergulasch mit Sp\u00e4tzle Beef gulash with Sp\u00e4tzle noodles Wurstk\u00e4sesalat mit Brot German-style baloney and cheese salad in a vinaigrette dressing with bread (cold) Vegetarische Maultaschen mit &hellip; <a href=\"https:\/\/www.joseph-roth-diele.de\/index.php\/speisekarte\/\" class=\"more-link\"><span class=\"screen-reader-text\">Speisekarte<\/span> weiterlesen <span class=\"meta-nav\">&rarr;<\/span><\/a><\/p>\n","protected":false},"author":1,"featured_media":0,"parent":0,"menu_order":2,"comment_status":"closed","ping_status":"closed","template":"","meta":{"footnotes":""},"class_list":["post-37","page","type-page","status-publish","hentry"],"_links":{"self":[{"href":"https:\/\/www.joseph-roth-diele.de\/index.php\/wp-json\/wp\/v2\/pages\/37","targetHints":{"allow":["GET"]}}],"collection":[{"href":"https:\/\/www.joseph-roth-diele.de\/index.php\/wp-json\/wp\/v2\/pages"}],"about":[{"href":"https:\/\/www.joseph-roth-diele.de\/index.php\/wp-json\/wp\/v2\/types\/page"}],"author":[{"embeddable":true,"href":"https:\/\/www.joseph-roth-diele.de\/index.php\/wp-json\/wp\/v2\/users\/1"}],"replies":[{"embeddable":true,"href":"https:\/\/www.joseph-roth-diele.de\/index.php\/wp-json\/wp\/v2\/comments?post=37"}],"version-history":[{"count":8,"href":"https:\/\/www.joseph-roth-diele.de\/index.php\/wp-json\/wp\/v2\/pages\/37\/revisions"}],"predecessor-version":[{"id":192,"href":"https:\/\/www.joseph-roth-diele.de\/index.php\/wp-json\/wp\/v2\/pages\/37\/revisions\/192"}],"wp:attachment":[{"href":"https:\/\/www.joseph-roth-diele.de\/index.php\/wp-json\/wp\/v2\/media?parent=37"}],"curies":[{"name":"wp","href":"https:\/\/api.w.org\/{rel}","templated":true}]}}